{"id":394,"date":"2016-11-25T10:03:50","date_gmt":"2016-11-25T13:03:50","guid":{"rendered":"http:\/\/www.jettdeck.com.br\/es\/?page_id=394"},"modified":"2020-06-22T16:12:12","modified_gmt":"2020-06-22T19:12:12","slug":"sobre-jett-deck","status":"publish","type":"page","link":"https:\/\/www.jettdeck.com.br\/es\/sobre-jett-deck\/","title":{"rendered":"Sobre Jett Deck"},"content":{"rendered":"<p>La historia de <strong>Jett Deck<\/strong> comienza en 1998 bajo el nombre de Jettraction. En cuanto a la necesidad del mercado, Jettraction fue la segunda compa\u00f1\u00eda en el mundo en producir esteras de cubierta n\u00e1utica en EVA y la primera en Brasil. El primer modelo desarrollado fue exclusivo para embarcaciones personales.<\/p>\n<p><a href=\"http:\/\/www.jettdeck.com.br\/wp-content\/uploads\/2020\/03\/montagem-1-1-2.png\" rel=\"lightbox[394]\"><img loading=\"lazy\" decoding=\"async\" class=\"wp-image-1153  alignleft\" src=\"http:\/\/www.jettdeck.com.br\/wp-content\/uploads\/2020\/03\/montagem-1-1-2-300x271.png\" alt=\"\" width=\"315\" height=\"285\" srcset=\"https:\/\/www.jettdeck.com.br\/wp-content\/uploads\/2020\/03\/montagem-1-1-2-300x271.png 300w, https:\/\/www.jettdeck.com.br\/wp-content\/uploads\/2020\/03\/montagem-1-1-2-768x695.png 768w, https:\/\/www.jettdeck.com.br\/wp-content\/uploads\/2020\/03\/montagem-1-1-2-111x100.png 111w, https:\/\/www.jettdeck.com.br\/wp-content\/uploads\/2020\/03\/montagem-1-1-2.png 942w\" sizes=\"auto, (max-width: 315px) 100vw, 315px\" \/><\/a>All\u00ed comenz\u00f3 la historia de Jettraction y el comienzo del viaje de <strong>Jett Deck.<\/strong> Nuestro primer producto se present\u00f3 inicialmente a los pilotos, adapt\u00e1ndose a los requisitos de las competiciones. Por lo tanto, la cultura de la compa\u00f1\u00eda naci\u00f3 con un compromiso con la durabilidad y la resistencia, y eso nos acompa\u00f1a hoy. El segundo caso exitoso de la compa\u00f1\u00eda fue el chaleco salvavidas Jettraction, tambi\u00e9n desarrollado para el entorno de la competencia. Estos chalecos fueron los primeros chalecos deportivos homologados por la marina en Brasil.<\/p>\n<p>Motivados por el desaf\u00edo, decidimos evolucionar desde pisos de motos acu\u00e1ticas hasta botes m\u00e1s grandes y as\u00ed comenzamos un nuevo viaje. En 2013 Jettraction se convirti\u00f3 en <strong>Jett Deck<\/strong> y naci\u00f3 nuestro tercer caso y desarrollamos otro producto revolucionario. La estera de cubierta para embarcaciones en EVA se ha convertido en una referencia en el mercado nacional y desde entonces hemos ido mejorando en esta \u00e1rea. Hoy hemos producido cientos de modelos de esteras de cubierta para lanchas motoras, veleros, motos acu\u00e1ticas, piscinas y muchas otras aplicaciones.<\/p>\n<p><a href=\"http:\/\/www.jettdeck.com.br\/wp-content\/uploads\/2020\/03\/montagem-2-3.png\" rel=\"lightbox[394]\"><img loading=\"lazy\" decoding=\"async\" class=\"wp-image-1156 size-medium alignright\" src=\"http:\/\/www.jettdeck.com.br\/wp-content\/uploads\/2020\/03\/montagem-2-3-300x300.png\" alt=\"\" width=\"300\" height=\"300\" srcset=\"https:\/\/www.jettdeck.com.br\/wp-content\/uploads\/2020\/03\/montagem-2-3-300x300.png 300w, https:\/\/www.jettdeck.com.br\/wp-content\/uploads\/2020\/03\/montagem-2-3-150x150.png 150w, https:\/\/www.jettdeck.com.br\/wp-content\/uploads\/2020\/03\/montagem-2-3-768x768.png 768w, https:\/\/www.jettdeck.com.br\/wp-content\/uploads\/2020\/03\/montagem-2-3-100x100.png 100w, https:\/\/www.jettdeck.com.br\/wp-content\/uploads\/2020\/03\/montagem-2-3.png 1000w\" sizes=\"auto, (max-width: 300px) 100vw, 300px\" \/><\/a>Nuestra sede se encuentra en Greater Florian\u00f3polis en Santa Catarina, Brasil, pero<strong> Jett Deck<\/strong> es una empresa mundial. Actualmente tenemos representantes oficiales en casi todos los estados de Brasil y tambi\u00e9n en algunos pa\u00edses. Nuestro producto es \u00fanico y estamos comprometidos con la calidad de nuestro servicio, por lo que siempre buscamos mantener el est\u00e1ndar de la marca independientemente del cliente o la ubicaci\u00f3n.<\/p>\n<p>Hoy estamos muy orgullosos de decir que fuimos pioneros en la producci\u00f3n de las <a href=\"https:\/\/www.jettdeck.com.br\/es\/informacion-tecnica\/\">esteras de cubierta n\u00e1utica de EVA<\/a> en Brasil. Y toda nuestra historia se construy\u00f3 siempre buscando lo mejor para nuestros clientes, porque la cultura de calidad que siempre nos acompa\u00f1a en todo lo que hacemos, nos ha tra\u00eddo aqu\u00ed.<\/p>\n","protected":false},"excerpt":{"rendered":"<p>La historia de Jett Deck comienza en 1998 bajo el nombre de Jettraction. En cuanto a la necesidad del mercado, Jettraction fue la segunda compa\u00f1\u00eda en el mundo en producir esteras de cubierta n\u00e1utica en EVA y la primera en Brasil. El primer modelo desarrollado fue exclusivo para embarcaciones personales. All\u00ed comenz\u00f3 la historia de [&hellip;]<\/p>\n","protected":false},"author":1,"featured_media":0,"parent":0,"menu_order":0,"comment_status":"open","ping_status":"open","template":"","meta":{"_exactmetrics_skip_tracking":false,"_exactmetrics_sitenote_active":false,"_exactmetrics_sitenote_note":"","_exactmetrics_sitenote_category":0,"footnotes":""},"class_list":["post-394","page","type-page","status-publish","hentry"],"yoast_head":"<!-- This site is optimized with the Yoast SEO plugin v26.9 - https:\/\/yoast.com\/product\/yoast-seo-wordpress\/ -->\n<title>Esteras de Cubierta N\u00e1utica en EVA | Sobre Jett Deck<\/title>\n<meta name=\"description\" content=\"Descubra las ventajas de las esteras de cubierta n\u00e1utica en EVA para la conservaci\u00f3n y seguridad de su barco. \u00a1P\u00f3ngase en contacto con Jett Deck y conoce!\" \/>\n<meta name=\"robots\" content=\"index, follow, max-snippet:-1, max-image-preview:large, max-video-preview:-1\" \/>\n<link rel=\"canonical\" href=\"https:\/\/www.jettdeck.com.br\/es\/sobre-jett-deck\/\" \/>\n<meta property=\"og:locale\" content=\"es_ES\" \/>\n<meta property=\"og:type\" content=\"article\" \/>\n<meta property=\"og:title\" content=\"Esteras de Cubierta N\u00e1utica en EVA | Sobre Jett Deck\" \/>\n<meta property=\"og:description\" content=\"Descubra las ventajas de las esteras de cubierta n\u00e1utica en EVA para la conservaci\u00f3n y seguridad de su barco. \u00a1P\u00f3ngase en contacto con Jett Deck y conoce!\" \/>\n<meta property=\"og:url\" content=\"https:\/\/www.jettdeck.com.br\/es\/sobre-jett-deck\/\" \/>\n<meta property=\"og:site_name\" content=\"Jett Deck\" \/>\n<meta property=\"article:modified_time\" content=\"2020-06-22T19:12:12+00:00\" \/>\n<meta property=\"og:image\" content=\"http:\/\/www.jettdeck.com.br\/wp-content\/uploads\/2020\/03\/montagem-1-1-2-300x271.png\" \/>\n<meta name=\"twitter:card\" content=\"summary_large_image\" \/>\n<meta name=\"twitter:label1\" content=\"Tiempo de lectura\" \/>\n\t<meta name=\"twitter:data1\" content=\"2 minutos\" \/>\n<script type=\"application\/ld+json\" class=\"yoast-schema-graph\">{\"@context\":\"https:\/\/schema.org\",\"@graph\":[{\"@type\":\"WebPage\",\"@id\":\"https:\/\/www.jettdeck.com.br\/es\/sobre-jett-deck\/\",\"url\":\"https:\/\/www.jettdeck.com.br\/es\/sobre-jett-deck\/\",\"name\":\"Esteras de Cubierta N\u00e1utica en EVA | Sobre Jett Deck\",\"isPartOf\":{\"@id\":\"https:\/\/www.jettdeck.com.br\/en\/#website\"},\"primaryImageOfPage\":{\"@id\":\"https:\/\/www.jettdeck.com.br\/es\/sobre-jett-deck\/#primaryimage\"},\"image\":{\"@id\":\"https:\/\/www.jettdeck.com.br\/es\/sobre-jett-deck\/#primaryimage\"},\"thumbnailUrl\":\"http:\/\/www.jettdeck.com.br\/wp-content\/uploads\/2020\/03\/montagem-1-1-2-300x271.png\",\"datePublished\":\"2016-11-25T13:03:50+00:00\",\"dateModified\":\"2020-06-22T19:12:12+00:00\",\"description\":\"Descubra las ventajas de las esteras de cubierta n\u00e1utica en EVA para la conservaci\u00f3n y seguridad de su barco. \u00a1P\u00f3ngase en contacto con Jett Deck y conoce!\",\"breadcrumb\":{\"@id\":\"https:\/\/www.jettdeck.com.br\/es\/sobre-jett-deck\/#breadcrumb\"},\"inLanguage\":\"es\",\"potentialAction\":[{\"@type\":\"ReadAction\",\"target\":[\"https:\/\/www.jettdeck.com.br\/es\/sobre-jett-deck\/\"]}]},{\"@type\":\"ImageObject\",\"inLanguage\":\"es\",\"@id\":\"https:\/\/www.jettdeck.com.br\/es\/sobre-jett-deck\/#primaryimage\",\"url\":\"http:\/\/www.jettdeck.com.br\/wp-content\/uploads\/2020\/03\/montagem-1-1-2-300x271.png\",\"contentUrl\":\"http:\/\/www.jettdeck.com.br\/wp-content\/uploads\/2020\/03\/montagem-1-1-2-300x271.png\"},{\"@type\":\"BreadcrumbList\",\"@id\":\"https:\/\/www.jettdeck.com.br\/es\/sobre-jett-deck\/#breadcrumb\",\"itemListElement\":[{\"@type\":\"ListItem\",\"position\":1,\"name\":\"In\u00edcio\",\"item\":\"https:\/\/www.jettdeck.com.br\/es\/\"},{\"@type\":\"ListItem\",\"position\":2,\"name\":\"Sobre Jett Deck\"}]},{\"@type\":\"WebSite\",\"@id\":\"https:\/\/www.jettdeck.com.br\/en\/#website\",\"url\":\"https:\/\/www.jettdeck.com.br\/en\/\",\"name\":\"Jett Deck\",\"description\":\"Especialista em pisos n\u00e1uticos de EVA\",\"potentialAction\":[{\"@type\":\"SearchAction\",\"target\":{\"@type\":\"EntryPoint\",\"urlTemplate\":\"https:\/\/www.jettdeck.com.br\/en\/?s={search_term_string}\"},\"query-input\":{\"@type\":\"PropertyValueSpecification\",\"valueRequired\":true,\"valueName\":\"search_term_string\"}}],\"inLanguage\":\"es\"}]}<\/script>\n<!-- \/ Yoast SEO plugin. -->","yoast_head_json":{"title":"Esteras de Cubierta N\u00e1utica en EVA | Sobre Jett Deck","description":"Descubra las ventajas de las esteras de cubierta n\u00e1utica en EVA para la conservaci\u00f3n y seguridad de su barco. \u00a1P\u00f3ngase en contacto con Jett Deck y conoce!","robots":{"index":"index","follow":"follow","max-snippet":"max-snippet:-1","max-image-preview":"max-image-preview:large","max-video-preview":"max-video-preview:-1"},"canonical":"https:\/\/www.jettdeck.com.br\/es\/sobre-jett-deck\/","og_locale":"es_ES","og_type":"article","og_title":"Esteras de Cubierta N\u00e1utica en EVA | Sobre Jett Deck","og_description":"Descubra las ventajas de las esteras de cubierta n\u00e1utica en EVA para la conservaci\u00f3n y seguridad de su barco. \u00a1P\u00f3ngase en contacto con Jett Deck y conoce!","og_url":"https:\/\/www.jettdeck.com.br\/es\/sobre-jett-deck\/","og_site_name":"Jett Deck","article_modified_time":"2020-06-22T19:12:12+00:00","og_image":[{"url":"http:\/\/www.jettdeck.com.br\/wp-content\/uploads\/2020\/03\/montagem-1-1-2-300x271.png","type":"","width":"","height":""}],"twitter_card":"summary_large_image","twitter_misc":{"Tiempo de lectura":"2 minutos"},"schema":{"@context":"https:\/\/schema.org","@graph":[{"@type":"WebPage","@id":"https:\/\/www.jettdeck.com.br\/es\/sobre-jett-deck\/","url":"https:\/\/www.jettdeck.com.br\/es\/sobre-jett-deck\/","name":"Esteras de Cubierta N\u00e1utica en EVA | Sobre Jett Deck","isPartOf":{"@id":"https:\/\/www.jettdeck.com.br\/en\/#website"},"primaryImageOfPage":{"@id":"https:\/\/www.jettdeck.com.br\/es\/sobre-jett-deck\/#primaryimage"},"image":{"@id":"https:\/\/www.jettdeck.com.br\/es\/sobre-jett-deck\/#primaryimage"},"thumbnailUrl":"http:\/\/www.jettdeck.com.br\/wp-content\/uploads\/2020\/03\/montagem-1-1-2-300x271.png","datePublished":"2016-11-25T13:03:50+00:00","dateModified":"2020-06-22T19:12:12+00:00","description":"Descubra las ventajas de las esteras de cubierta n\u00e1utica en EVA para la conservaci\u00f3n y seguridad de su barco. \u00a1P\u00f3ngase en contacto con Jett Deck y conoce!","breadcrumb":{"@id":"https:\/\/www.jettdeck.com.br\/es\/sobre-jett-deck\/#breadcrumb"},"inLanguage":"es","potentialAction":[{"@type":"ReadAction","target":["https:\/\/www.jettdeck.com.br\/es\/sobre-jett-deck\/"]}]},{"@type":"ImageObject","inLanguage":"es","@id":"https:\/\/www.jettdeck.com.br\/es\/sobre-jett-deck\/#primaryimage","url":"http:\/\/www.jettdeck.com.br\/wp-content\/uploads\/2020\/03\/montagem-1-1-2-300x271.png","contentUrl":"http:\/\/www.jettdeck.com.br\/wp-content\/uploads\/2020\/03\/montagem-1-1-2-300x271.png"},{"@type":"BreadcrumbList","@id":"https:\/\/www.jettdeck.com.br\/es\/sobre-jett-deck\/#breadcrumb","itemListElement":[{"@type":"ListItem","position":1,"name":"In\u00edcio","item":"https:\/\/www.jettdeck.com.br\/es\/"},{"@type":"ListItem","position":2,"name":"Sobre Jett Deck"}]},{"@type":"WebSite","@id":"https:\/\/www.jettdeck.com.br\/en\/#website","url":"https:\/\/www.jettdeck.com.br\/en\/","name":"Jett Deck","description":"Especialista em pisos n\u00e1uticos de EVA","potentialAction":[{"@type":"SearchAction","target":{"@type":"EntryPoint","urlTemplate":"https:\/\/www.jettdeck.com.br\/en\/?s={search_term_string}"},"query-input":{"@type":"PropertyValueSpecification","valueRequired":true,"valueName":"search_term_string"}}],"inLanguage":"es"}]}},"_links":{"self":[{"href":"https:\/\/www.jettdeck.com.br\/es\/wp-json\/wp\/v2\/pages\/394","targetHints":{"allow":["GET"]}}],"collection":[{"href":"https:\/\/www.jettdeck.com.br\/es\/wp-json\/wp\/v2\/pages"}],"about":[{"href":"https:\/\/www.jettdeck.com.br\/es\/wp-json\/wp\/v2\/types\/page"}],"author":[{"embeddable":true,"href":"https:\/\/www.jettdeck.com.br\/es\/wp-json\/wp\/v2\/users\/1"}],"replies":[{"embeddable":true,"href":"https:\/\/www.jettdeck.com.br\/es\/wp-json\/wp\/v2\/comments?post=394"}],"version-history":[{"count":3,"href":"https:\/\/www.jettdeck.com.br\/es\/wp-json\/wp\/v2\/pages\/394\/revisions"}],"predecessor-version":[{"id":1511,"href":"https:\/\/www.jettdeck.com.br\/es\/wp-json\/wp\/v2\/pages\/394\/revisions\/1511"}],"wp:attachment":[{"href":"https:\/\/www.jettdeck.com.br\/es\/wp-json\/wp\/v2\/media?parent=394"}],"curies":[{"name":"wp","href":"https:\/\/api.w.org\/{rel}","templated":true}]}}