{"id":383,"date":"2016-11-25T08:44:54","date_gmt":"2016-11-25T11:44:54","guid":{"rendered":"http:\/\/www.jettdeck.com.br\/es\/?page_id=383"},"modified":"2020-06-22T16:20:10","modified_gmt":"2020-06-22T19:20:10","slug":"home","status":"publish","type":"page","link":"https:\/\/www.jettdeck.com.br\/es\/","title":{"rendered":"Home"},"content":{"rendered":"<div class=\"home-advantages-wrapper\"><div class=\"container\"><h2>Caracter\u00edsticas<\/h2><\/p>\n<ul>\n<li><span style=\"font-weight: 400;\">No conserva el calor<\/span><\/li>\n<li><span style=\"font-weight: 400;\">F\u00e1cil instalaci\u00f3n<\/span><\/li>\n<li><span style=\"font-weight: 400;\">Suave y c\u00f3modo<\/span><\/li>\n<li><span style=\"font-weight: 400;\">Varios colores<\/span><\/li>\n<li><span style=\"font-weight: 400;\">Alta adherencia incluso cuando est\u00e1 mojado<\/span><\/li>\n<li><span style=\"font-weight: 400;\">No se acumula suciedad<\/span><\/li>\n<li><span style=\"font-weight: 400;\">Durable<\/span>. <span style=\"font-weight: 400;\">Su barco siempre nuevo<\/span><\/li>\n<\/ul>\n<p><\/div><\/div>\n<div class=\"home-intro-wrapper container clearfix\"><\/p>\n<p><a href=\"http:\/\/www.jettdeck.com.br\/wp-content\/uploads\/2015\/07\/home01.jpg\" rel=\"lightbox[383]\"><img loading=\"lazy\" decoding=\"async\" class=\"alignnone wp-image-103 size-medium\" src=\"https:\/\/www.jettdeck.com.br\/wp-content\/uploads\/2015\/07\/home01-300x225.jpg\" alt=\"\" width=\"300\" height=\"225\" srcset=\"https:\/\/www.jettdeck.com.br\/wp-content\/uploads\/2015\/07\/home01-300x225.jpg 300w, https:\/\/www.jettdeck.com.br\/wp-content\/uploads\/2015\/07\/home01.jpg 1024w, https:\/\/www.jettdeck.com.br\/wp-content\/uploads\/2015\/07\/home01-133x100.jpg 133w\" sizes=\"auto, (max-width: 300px) 100vw, 300px\" \/><\/a><\/p>\n<p><div class=\"home-intro-content\"><h3>Piso antiderrapante para embarca\u00e7\u00f5es<\/h3><\/p>\n<p><span style=\"font-weight: 400;\">Nuestra estera de cubierta es hecha de EVA (material utilizado para las esteras, suelas de zapatos, sandalias y otros).<\/span><\/p>\n<p><span style=\"font-weight: 400;\">Este material antideslizante se ha utilizado durante muchos a\u00f1os en el surf y motos acu\u00e1ticas.<\/span><\/p>\n<p><span style=\"font-weight: 400;\">Nuestra empresa fue pionera en Brasil en el suministro de esteras de EVA para motos acu\u00e1ticas en 1998. Y todav\u00eda somos \u00fanicos. Este know-how nos ha permitido desarrollar este producto para su uso en barcos.<\/span><\/p>\n<p><\/div><\/p>\n<p><\/div>\n<div class=\"home-gallery-wrapper\"><div class=\"container clearfix\"><h2>Galeria de fotos<\/h2><\/p>\n<p><\/p>\n<p><div class=\"link-wrapper\"><a class=\"general-button short\" href=https:\/\/www.jettdeck.com.br\/es\/galeria-de-fotos\/>Ver galeria completa<\/a><\/div><\/div><\/div>\n","protected":false},"excerpt":{"rendered":"","protected":false},"author":1,"featured_media":1229,"parent":0,"menu_order":0,"comment_status":"open","ping_status":"open","template":"page-home.php","meta":{"_exactmetrics_skip_tracking":false,"_exactmetrics_sitenote_active":false,"_exactmetrics_sitenote_note":"","_exactmetrics_sitenote_category":0,"footnotes":""},"class_list":["post-383","page","type-page","status-publish","has-post-thumbnail","hentry"],"yoast_head":"<!-- This site is optimized with the Yoast SEO plugin v26.9 - https:\/\/yoast.com\/product\/yoast-seo-wordpress\/ -->\n<title>EVA para Motos Acu\u00e1ticas | Jett Deck Suelo N\u00e1utico<\/title>\n<meta name=\"description\" content=\"Descubra las ventajas de las esteras de cubierta n\u00e1uticas de EVA para motos acu\u00e1ticas e embarcaciones. \u00a1P\u00f3ngase en contacto con Jett Deck y conoce!\" \/>\n<meta name=\"robots\" content=\"index, follow, max-snippet:-1, max-image-preview:large, max-video-preview:-1\" \/>\n<link rel=\"canonical\" href=\"https:\/\/www.jettdeck.com.br\/es\/\" \/>\n<meta property=\"og:locale\" content=\"es_ES\" \/>\n<meta property=\"og:type\" content=\"article\" \/>\n<meta property=\"og:title\" content=\"EVA para Motos Acu\u00e1ticas | Jett Deck Suelo N\u00e1utico\" \/>\n<meta property=\"og:description\" content=\"Descubra las ventajas de las esteras de cubierta n\u00e1uticas de EVA para motos acu\u00e1ticas e embarcaciones. \u00a1P\u00f3ngase en contacto con Jett Deck y conoce!\" \/>\n<meta property=\"og:url\" content=\"https:\/\/www.jettdeck.com.br\/es\/\" \/>\n<meta property=\"og:site_name\" content=\"Jett Deck\" \/>\n<meta property=\"article:modified_time\" content=\"2020-06-22T19:20:10+00:00\" \/>\n<meta property=\"og:image\" content=\"https:\/\/www.jettdeck.com.br\/wp-content\/uploads\/2020\/04\/icone-site-jettdeck.png\" \/>\n\t<meta property=\"og:image:width\" content=\"512\" \/>\n\t<meta property=\"og:image:height\" content=\"512\" \/>\n\t<meta property=\"og:image:type\" content=\"image\/png\" \/>\n<meta name=\"twitter:card\" content=\"summary_large_image\" \/>\n<meta name=\"twitter:label1\" content=\"Tiempo de lectura\" \/>\n\t<meta name=\"twitter:data1\" content=\"1 minuto\" \/>\n<script type=\"application\/ld+json\" class=\"yoast-schema-graph\">{\"@context\":\"https:\/\/schema.org\",\"@graph\":[{\"@type\":\"WebPage\",\"@id\":\"https:\/\/www.jettdeck.com.br\/es\/\",\"url\":\"https:\/\/www.jettdeck.com.br\/es\/\",\"name\":\"EVA para Motos Acu\u00e1ticas | Jett Deck Suelo N\u00e1utico\",\"isPartOf\":{\"@id\":\"https:\/\/www.jettdeck.com.br\/en\/#website\"},\"primaryImageOfPage\":{\"@id\":\"https:\/\/www.jettdeck.com.br\/es\/#primaryimage\"},\"image\":{\"@id\":\"https:\/\/www.jettdeck.com.br\/es\/#primaryimage\"},\"thumbnailUrl\":\"https:\/\/www.jettdeck.com.br\/wp-content\/uploads\/2020\/04\/icone-site-jettdeck.png\",\"datePublished\":\"2016-11-25T11:44:54+00:00\",\"dateModified\":\"2020-06-22T19:20:10+00:00\",\"description\":\"Descubra las ventajas de las esteras de cubierta n\u00e1uticas de EVA para motos acu\u00e1ticas e embarcaciones. \u00a1P\u00f3ngase en contacto con Jett Deck y conoce!\",\"breadcrumb\":{\"@id\":\"https:\/\/www.jettdeck.com.br\/es\/#breadcrumb\"},\"inLanguage\":\"es\",\"potentialAction\":[{\"@type\":\"ReadAction\",\"target\":[\"https:\/\/www.jettdeck.com.br\/es\/\"]}]},{\"@type\":\"ImageObject\",\"inLanguage\":\"es\",\"@id\":\"https:\/\/www.jettdeck.com.br\/es\/#primaryimage\",\"url\":\"https:\/\/www.jettdeck.com.br\/wp-content\/uploads\/2020\/04\/icone-site-jettdeck.png\",\"contentUrl\":\"https:\/\/www.jettdeck.com.br\/wp-content\/uploads\/2020\/04\/icone-site-jettdeck.png\",\"width\":512,\"height\":512,\"caption\":\"jett deck pisos n\u00e1uticos\"},{\"@type\":\"BreadcrumbList\",\"@id\":\"https:\/\/www.jettdeck.com.br\/es\/#breadcrumb\",\"itemListElement\":[{\"@type\":\"ListItem\",\"position\":1,\"name\":\"In\u00edcio\",\"item\":\"https:\/\/www.jettdeck.com.br\/es\/\"},{\"@type\":\"ListItem\",\"position\":2,\"name\":\"Home\"}]},{\"@type\":\"WebSite\",\"@id\":\"https:\/\/www.jettdeck.com.br\/en\/#website\",\"url\":\"https:\/\/www.jettdeck.com.br\/en\/\",\"name\":\"Jett Deck\",\"description\":\"Especialista em pisos n\u00e1uticos de EVA\",\"potentialAction\":[{\"@type\":\"SearchAction\",\"target\":{\"@type\":\"EntryPoint\",\"urlTemplate\":\"https:\/\/www.jettdeck.com.br\/en\/?s={search_term_string}\"},\"query-input\":{\"@type\":\"PropertyValueSpecification\",\"valueRequired\":true,\"valueName\":\"search_term_string\"}}],\"inLanguage\":\"es\"}]}<\/script>\n<!-- \/ Yoast SEO plugin. -->","yoast_head_json":{"title":"EVA para Motos Acu\u00e1ticas | Jett Deck Suelo N\u00e1utico","description":"Descubra las ventajas de las esteras de cubierta n\u00e1uticas de EVA para motos acu\u00e1ticas e embarcaciones. \u00a1P\u00f3ngase en contacto con Jett Deck y conoce!","robots":{"index":"index","follow":"follow","max-snippet":"max-snippet:-1","max-image-preview":"max-image-preview:large","max-video-preview":"max-video-preview:-1"},"canonical":"https:\/\/www.jettdeck.com.br\/es\/","og_locale":"es_ES","og_type":"article","og_title":"EVA para Motos Acu\u00e1ticas | Jett Deck Suelo N\u00e1utico","og_description":"Descubra las ventajas de las esteras de cubierta n\u00e1uticas de EVA para motos acu\u00e1ticas e embarcaciones. \u00a1P\u00f3ngase en contacto con Jett Deck y conoce!","og_url":"https:\/\/www.jettdeck.com.br\/es\/","og_site_name":"Jett Deck","article_modified_time":"2020-06-22T19:20:10+00:00","og_image":[{"width":512,"height":512,"url":"https:\/\/www.jettdeck.com.br\/wp-content\/uploads\/2020\/04\/icone-site-jettdeck.png","type":"image\/png"}],"twitter_card":"summary_large_image","twitter_misc":{"Tiempo de lectura":"1 minuto"},"schema":{"@context":"https:\/\/schema.org","@graph":[{"@type":"WebPage","@id":"https:\/\/www.jettdeck.com.br\/es\/","url":"https:\/\/www.jettdeck.com.br\/es\/","name":"EVA para Motos Acu\u00e1ticas | Jett Deck Suelo N\u00e1utico","isPartOf":{"@id":"https:\/\/www.jettdeck.com.br\/en\/#website"},"primaryImageOfPage":{"@id":"https:\/\/www.jettdeck.com.br\/es\/#primaryimage"},"image":{"@id":"https:\/\/www.jettdeck.com.br\/es\/#primaryimage"},"thumbnailUrl":"https:\/\/www.jettdeck.com.br\/wp-content\/uploads\/2020\/04\/icone-site-jettdeck.png","datePublished":"2016-11-25T11:44:54+00:00","dateModified":"2020-06-22T19:20:10+00:00","description":"Descubra las ventajas de las esteras de cubierta n\u00e1uticas de EVA para motos acu\u00e1ticas e embarcaciones. \u00a1P\u00f3ngase en contacto con Jett Deck y conoce!","breadcrumb":{"@id":"https:\/\/www.jettdeck.com.br\/es\/#breadcrumb"},"inLanguage":"es","potentialAction":[{"@type":"ReadAction","target":["https:\/\/www.jettdeck.com.br\/es\/"]}]},{"@type":"ImageObject","inLanguage":"es","@id":"https:\/\/www.jettdeck.com.br\/es\/#primaryimage","url":"https:\/\/www.jettdeck.com.br\/wp-content\/uploads\/2020\/04\/icone-site-jettdeck.png","contentUrl":"https:\/\/www.jettdeck.com.br\/wp-content\/uploads\/2020\/04\/icone-site-jettdeck.png","width":512,"height":512,"caption":"jett deck pisos n\u00e1uticos"},{"@type":"BreadcrumbList","@id":"https:\/\/www.jettdeck.com.br\/es\/#breadcrumb","itemListElement":[{"@type":"ListItem","position":1,"name":"In\u00edcio","item":"https:\/\/www.jettdeck.com.br\/es\/"},{"@type":"ListItem","position":2,"name":"Home"}]},{"@type":"WebSite","@id":"https:\/\/www.jettdeck.com.br\/en\/#website","url":"https:\/\/www.jettdeck.com.br\/en\/","name":"Jett Deck","description":"Especialista em pisos n\u00e1uticos de EVA","potentialAction":[{"@type":"SearchAction","target":{"@type":"EntryPoint","urlTemplate":"https:\/\/www.jettdeck.com.br\/en\/?s={search_term_string}"},"query-input":{"@type":"PropertyValueSpecification","valueRequired":true,"valueName":"search_term_string"}}],"inLanguage":"es"}]}},"_links":{"self":[{"href":"https:\/\/www.jettdeck.com.br\/es\/wp-json\/wp\/v2\/pages\/383","targetHints":{"allow":["GET"]}}],"collection":[{"href":"https:\/\/www.jettdeck.com.br\/es\/wp-json\/wp\/v2\/pages"}],"about":[{"href":"https:\/\/www.jettdeck.com.br\/es\/wp-json\/wp\/v2\/types\/page"}],"author":[{"embeddable":true,"href":"https:\/\/www.jettdeck.com.br\/es\/wp-json\/wp\/v2\/users\/1"}],"replies":[{"embeddable":true,"href":"https:\/\/www.jettdeck.com.br\/es\/wp-json\/wp\/v2\/comments?post=383"}],"version-history":[{"count":2,"href":"https:\/\/www.jettdeck.com.br\/es\/wp-json\/wp\/v2\/pages\/383\/revisions"}],"predecessor-version":[{"id":1512,"href":"https:\/\/www.jettdeck.com.br\/es\/wp-json\/wp\/v2\/pages\/383\/revisions\/1512"}],"wp:featuredmedia":[{"embeddable":true,"href":"https:\/\/www.jettdeck.com.br\/es\/wp-json\/wp\/v2\/media\/1229"}],"wp:attachment":[{"href":"https:\/\/www.jettdeck.com.br\/es\/wp-json\/wp\/v2\/media?parent=383"}],"curies":[{"name":"wp","href":"https:\/\/api.w.org\/{rel}","templated":true}]}}