{"id":379,"date":"2016-11-25T08:25:01","date_gmt":"2016-11-25T11:25:01","guid":{"rendered":"http:\/\/www.jettdeck.com.br\/en\/?page_id=379"},"modified":"2020-06-19T15:56:32","modified_gmt":"2020-06-19T18:56:32","slug":"contact-us","status":"publish","type":"page","link":"https:\/\/www.jettdeck.com.br\/en\/contact-us\/","title":{"rendered":"Contact Us"},"content":{"rendered":"<div class=\"half-column\">Rua Coronel Am\u00e9rico, 737 &#8211; Barreiros<br \/>\nS\u00e3o Jos\u00e9&nbsp;&#8211; Santa Catarina &#8211; Brasil<\/div>\n<div class=\"half-column\">+55 (48) 3240-4329<br \/>\n+55 (48) 3240-1172<span style=\"line-height: 1.5;\"><br \/>\n+55 (48) 8834-7373&nbsp;<\/span><\/div>\n<div class=\"half-column\">\n<div class=\"wpcf7 no-js\" id=\"wpcf7-f380-o1\" lang=\"pt-BR\" dir=\"ltr\" data-wpcf7-id=\"380\">\n<div class=\"screen-reader-response\"><p role=\"status\" aria-live=\"polite\" aria-atomic=\"true\"><\/p> <ul><\/ul><\/div>\n<form action=\"\/en\/wp-json\/wp\/v2\/pages\/379#wpcf7-f380-o1\" method=\"post\" class=\"wpcf7-form init\" aria-label=\"Formul\u00e1rios de contato\" novalidate=\"novalidate\" data-status=\"init\">\n<fieldset class=\"hidden-fields-container\"><input type=\"hidden\" name=\"_wpcf7\" value=\"380\" \/><input type=\"hidden\" name=\"_wpcf7_version\" value=\"6.1.5\" \/><input type=\"hidden\" name=\"_wpcf7_locale\" value=\"pt_BR\" \/><input type=\"hidden\" name=\"_wpcf7_unit_tag\" value=\"wpcf7-f380-o1\" \/><input type=\"hidden\" name=\"_wpcf7_container_post\" value=\"0\" \/><input type=\"hidden\" name=\"_wpcf7_posted_data_hash\" value=\"\" \/>\n<\/fieldset>\n<p>Name (mandatory)\n<\/p>\n<p><span class=\"wpcf7-form-control-wrap\" data-name=\"nome\"><input size=\"40\" maxlength=\"400\" class=\"wpcf7-form-control wpcf7-text wpcf7-validates-as-required\" aria-required=\"true\" aria-invalid=\"false\" value=\"\" type=\"text\" name=\"nome\" \/><\/span>\n<\/p>\n<p>E-mail (mandatory)\n<\/p>\n<p><span class=\"wpcf7-form-control-wrap\" data-name=\"email\"><input size=\"40\" maxlength=\"400\" class=\"wpcf7-form-control wpcf7-email wpcf7-validates-as-required wpcf7-text wpcf7-validates-as-email\" aria-required=\"true\" aria-invalid=\"false\" value=\"\" type=\"email\" name=\"email\" \/><\/span>\n<\/p>\n<p>Subject\n<\/p>\n<p><span class=\"wpcf7-form-control-wrap\" data-name=\"your-subject\"><input size=\"40\" maxlength=\"400\" class=\"wpcf7-form-control wpcf7-text\" aria-invalid=\"false\" value=\"\" type=\"text\" name=\"your-subject\" \/><\/span>\n<\/p>\n<p>Message\n<\/p>\n<p><span class=\"wpcf7-form-control-wrap\" data-name=\"your-message\"><textarea cols=\"40\" rows=\"10\" maxlength=\"2000\" class=\"wpcf7-form-control wpcf7-textarea\" aria-invalid=\"false\" name=\"your-message\"><\/textarea><\/span>\n<\/p>\n<p><input class=\"wpcf7-form-control wpcf7-submit has-spinner\" type=\"submit\" value=\"Send\" \/>\n<\/p><input type=\"hidden\" id=\"ct_checkjs_cf7_90794e3b050f815354e3e29e977a88ab\" name=\"ct_checkjs_cf7\" value=\"0\" \/><script >setTimeout(function(){var ct_input_name = \"ct_checkjs_cf7_90794e3b050f815354e3e29e977a88ab\";if (document.getElementById(ct_input_name) !== null) {var ct_input_value = document.getElementById(ct_input_name).value;document.getElementById(ct_input_name).value = document.getElementById(ct_input_name).value.replace(ct_input_value, '0edd38e6ce398bb89f1b0abcd52c922000d43e95c5031fad07a61c805edb62e9');}}, 1000);<\/script><label id=\"apbct_label_id_2842\" class=\"apbct_special_field\"><input\n                    class=\"apbct_special_field apbct__email_id__wp_contact_form_7\"\n                    name=\"apbct_email_id__wp_contact_form_7\"\n                    type=\"text\" size=\"30\" maxlength=\"200\" autocomplete=\"off\"\n                    value=\"\"\n                \/><\/label><div class=\"wpcf7-response-output\" aria-hidden=\"true\"><\/div>\n<\/form>\n<\/div>\n<\/div>\n","protected":false},"excerpt":{"rendered":"<p>Rua Coronel Am\u00e9rico, 737 &#8211; Barreiros S\u00e3o Jos\u00e9&nbsp;&#8211; Santa Catarina &#8211; Brasil +55 (48) 3240-4329 +55 (48) 3240-1172 +55 (48) 8834-7373&nbsp;<\/p>\n","protected":false},"author":1,"featured_media":1229,"parent":0,"menu_order":0,"comment_status":"open","ping_status":"open","template":"","meta":{"_exactmetrics_skip_tracking":false,"_exactmetrics_sitenote_active":false,"_exactmetrics_sitenote_note":"","_exactmetrics_sitenote_category":0,"footnotes":""},"class_list":["post-379","page","type-page","status-publish","has-post-thumbnail","hentry"],"yoast_head":"<!-- This site is optimized with the Yoast SEO plugin v26.9 - https:\/\/yoast.com\/product\/yoast-seo-wordpress\/ -->\n<title>Contact Us Jett Deck | Non-skid Decking Solution in EVA Foam<\/title>\n<meta name=\"description\" content=\"Jett Deck is a company of decking solution in EVA foam presents in so many countries and are recognized by the quality. Contact Jett Deck!\" \/>\n<meta name=\"robots\" content=\"index, follow, max-snippet:-1, max-image-preview:large, max-video-preview:-1\" \/>\n<link rel=\"canonical\" href=\"https:\/\/www.jettdeck.com.br\/en\/contact-us\/\" \/>\n<meta property=\"og:locale\" content=\"en_US\" \/>\n<meta property=\"og:type\" content=\"article\" \/>\n<meta property=\"og:title\" content=\"Contact Us Jett Deck | Non-skid Decking Solution in EVA Foam\" \/>\n<meta property=\"og:description\" content=\"Jett Deck is a company of decking solution in EVA foam presents in so many countries and are recognized by the quality. Contact Jett Deck!\" \/>\n<meta property=\"og:url\" content=\"https:\/\/www.jettdeck.com.br\/en\/contact-us\/\" \/>\n<meta property=\"og:site_name\" content=\"Jett Deck\" \/>\n<meta property=\"article:modified_time\" content=\"2020-06-19T18:56:32+00:00\" \/>\n<meta property=\"og:image\" content=\"https:\/\/www.jettdeck.com.br\/wp-content\/uploads\/2020\/04\/icone-site-jettdeck.png\" \/>\n\t<meta property=\"og:image:width\" content=\"512\" \/>\n\t<meta property=\"og:image:height\" content=\"512\" \/>\n\t<meta property=\"og:image:type\" content=\"image\/png\" \/>\n<meta name=\"twitter:card\" content=\"summary_large_image\" \/>\n<script type=\"application\/ld+json\" class=\"yoast-schema-graph\">{\"@context\":\"https:\/\/schema.org\",\"@graph\":[{\"@type\":\"WebPage\",\"@id\":\"https:\/\/www.jettdeck.com.br\/en\/contact-us\/\",\"url\":\"https:\/\/www.jettdeck.com.br\/en\/contact-us\/\",\"name\":\"Contact Us Jett Deck | Non-skid Decking Solution in EVA Foam\",\"isPartOf\":{\"@id\":\"https:\/\/www.jettdeck.com.br\/en\/#website\"},\"primaryImageOfPage\":{\"@id\":\"https:\/\/www.jettdeck.com.br\/en\/contact-us\/#primaryimage\"},\"image\":{\"@id\":\"https:\/\/www.jettdeck.com.br\/en\/contact-us\/#primaryimage\"},\"thumbnailUrl\":\"https:\/\/www.jettdeck.com.br\/wp-content\/uploads\/2020\/04\/icone-site-jettdeck.png\",\"datePublished\":\"2016-11-25T11:25:01+00:00\",\"dateModified\":\"2020-06-19T18:56:32+00:00\",\"description\":\"Jett Deck is a company of decking solution in EVA foam presents in so many countries and are recognized by the quality. Contact Jett Deck!\",\"breadcrumb\":{\"@id\":\"https:\/\/www.jettdeck.com.br\/en\/contact-us\/#breadcrumb\"},\"inLanguage\":\"en-US\",\"potentialAction\":[{\"@type\":\"ReadAction\",\"target\":[\"https:\/\/www.jettdeck.com.br\/en\/contact-us\/\"]}]},{\"@type\":\"ImageObject\",\"inLanguage\":\"en-US\",\"@id\":\"https:\/\/www.jettdeck.com.br\/en\/contact-us\/#primaryimage\",\"url\":\"https:\/\/www.jettdeck.com.br\/wp-content\/uploads\/2020\/04\/icone-site-jettdeck.png\",\"contentUrl\":\"https:\/\/www.jettdeck.com.br\/wp-content\/uploads\/2020\/04\/icone-site-jettdeck.png\",\"width\":512,\"height\":512,\"caption\":\"jett deck pisos n\u00e1uticos\"},{\"@type\":\"BreadcrumbList\",\"@id\":\"https:\/\/www.jettdeck.com.br\/en\/contact-us\/#breadcrumb\",\"itemListElement\":[{\"@type\":\"ListItem\",\"position\":1,\"name\":\"In\u00edcio\",\"item\":\"https:\/\/www.jettdeck.com.br\/en\/\"},{\"@type\":\"ListItem\",\"position\":2,\"name\":\"Contact Us\"}]},{\"@type\":\"WebSite\",\"@id\":\"https:\/\/www.jettdeck.com.br\/en\/#website\",\"url\":\"https:\/\/www.jettdeck.com.br\/en\/\",\"name\":\"Jett Deck\",\"description\":\"Especialista em pisos n\u00e1uticos de EVA\",\"potentialAction\":[{\"@type\":\"SearchAction\",\"target\":{\"@type\":\"EntryPoint\",\"urlTemplate\":\"https:\/\/www.jettdeck.com.br\/en\/?s={search_term_string}\"},\"query-input\":{\"@type\":\"PropertyValueSpecification\",\"valueRequired\":true,\"valueName\":\"search_term_string\"}}],\"inLanguage\":\"en-US\"}]}<\/script>\n<!-- \/ Yoast SEO plugin. -->","yoast_head_json":{"title":"Contact Us Jett Deck | Non-skid Decking Solution in EVA Foam","description":"Jett Deck is a company of decking solution in EVA foam presents in so many countries and are recognized by the quality. Contact Jett Deck!","robots":{"index":"index","follow":"follow","max-snippet":"max-snippet:-1","max-image-preview":"max-image-preview:large","max-video-preview":"max-video-preview:-1"},"canonical":"https:\/\/www.jettdeck.com.br\/en\/contact-us\/","og_locale":"en_US","og_type":"article","og_title":"Contact Us Jett Deck | Non-skid Decking Solution in EVA Foam","og_description":"Jett Deck is a company of decking solution in EVA foam presents in so many countries and are recognized by the quality. Contact Jett Deck!","og_url":"https:\/\/www.jettdeck.com.br\/en\/contact-us\/","og_site_name":"Jett Deck","article_modified_time":"2020-06-19T18:56:32+00:00","og_image":[{"width":512,"height":512,"url":"https:\/\/www.jettdeck.com.br\/wp-content\/uploads\/2020\/04\/icone-site-jettdeck.png","type":"image\/png"}],"twitter_card":"summary_large_image","schema":{"@context":"https:\/\/schema.org","@graph":[{"@type":"WebPage","@id":"https:\/\/www.jettdeck.com.br\/en\/contact-us\/","url":"https:\/\/www.jettdeck.com.br\/en\/contact-us\/","name":"Contact Us Jett Deck | Non-skid Decking Solution in EVA Foam","isPartOf":{"@id":"https:\/\/www.jettdeck.com.br\/en\/#website"},"primaryImageOfPage":{"@id":"https:\/\/www.jettdeck.com.br\/en\/contact-us\/#primaryimage"},"image":{"@id":"https:\/\/www.jettdeck.com.br\/en\/contact-us\/#primaryimage"},"thumbnailUrl":"https:\/\/www.jettdeck.com.br\/wp-content\/uploads\/2020\/04\/icone-site-jettdeck.png","datePublished":"2016-11-25T11:25:01+00:00","dateModified":"2020-06-19T18:56:32+00:00","description":"Jett Deck is a company of decking solution in EVA foam presents in so many countries and are recognized by the quality. Contact Jett Deck!","breadcrumb":{"@id":"https:\/\/www.jettdeck.com.br\/en\/contact-us\/#breadcrumb"},"inLanguage":"en-US","potentialAction":[{"@type":"ReadAction","target":["https:\/\/www.jettdeck.com.br\/en\/contact-us\/"]}]},{"@type":"ImageObject","inLanguage":"en-US","@id":"https:\/\/www.jettdeck.com.br\/en\/contact-us\/#primaryimage","url":"https:\/\/www.jettdeck.com.br\/wp-content\/uploads\/2020\/04\/icone-site-jettdeck.png","contentUrl":"https:\/\/www.jettdeck.com.br\/wp-content\/uploads\/2020\/04\/icone-site-jettdeck.png","width":512,"height":512,"caption":"jett deck pisos n\u00e1uticos"},{"@type":"BreadcrumbList","@id":"https:\/\/www.jettdeck.com.br\/en\/contact-us\/#breadcrumb","itemListElement":[{"@type":"ListItem","position":1,"name":"In\u00edcio","item":"https:\/\/www.jettdeck.com.br\/en\/"},{"@type":"ListItem","position":2,"name":"Contact Us"}]},{"@type":"WebSite","@id":"https:\/\/www.jettdeck.com.br\/en\/#website","url":"https:\/\/www.jettdeck.com.br\/en\/","name":"Jett Deck","description":"Especialista em pisos n\u00e1uticos de EVA","potentialAction":[{"@type":"SearchAction","target":{"@type":"EntryPoint","urlTemplate":"https:\/\/www.jettdeck.com.br\/en\/?s={search_term_string}"},"query-input":{"@type":"PropertyValueSpecification","valueRequired":true,"valueName":"search_term_string"}}],"inLanguage":"en-US"}]}},"_links":{"self":[{"href":"https:\/\/www.jettdeck.com.br\/en\/wp-json\/wp\/v2\/pages\/379","targetHints":{"allow":["GET"]}}],"collection":[{"href":"https:\/\/www.jettdeck.com.br\/en\/wp-json\/wp\/v2\/pages"}],"about":[{"href":"https:\/\/www.jettdeck.com.br\/en\/wp-json\/wp\/v2\/types\/page"}],"author":[{"embeddable":true,"href":"https:\/\/www.jettdeck.com.br\/en\/wp-json\/wp\/v2\/users\/1"}],"replies":[{"embeddable":true,"href":"https:\/\/www.jettdeck.com.br\/en\/wp-json\/wp\/v2\/comments?post=379"}],"version-history":[{"count":3,"href":"https:\/\/www.jettdeck.com.br\/en\/wp-json\/wp\/v2\/pages\/379\/revisions"}],"predecessor-version":[{"id":1502,"href":"https:\/\/www.jettdeck.com.br\/en\/wp-json\/wp\/v2\/pages\/379\/revisions\/1502"}],"wp:featuredmedia":[{"embeddable":true,"href":"https:\/\/www.jettdeck.com.br\/en\/wp-json\/wp\/v2\/media\/1229"}],"wp:attachment":[{"href":"https:\/\/www.jettdeck.com.br\/en\/wp-json\/wp\/v2\/media?parent=379"}],"curies":[{"name":"wp","href":"https:\/\/api.w.org\/{rel}","templated":true}]}}